{"id":59,"date":"2013-03-29T10:17:45","date_gmt":"2013-03-29T12:17:45","guid":{"rendered":"http:\/\/www.kulturasbiedriba.lv\/?page_id=59"},"modified":"2022-01-06T13:30:31","modified_gmt":"2022-01-06T10:30:31","slug":"kontakti","status":"publish","type":"page","link":"https:\/\/www.kulturasbiedriba.lv\/?page_id=59","title":{"rendered":"Kontakti"},"content":{"rendered":"<p style=\"text-align: left;\"><a href=\"https:\/\/www.kulturasbiedriba.lv\/wp-content\/uploads\/2013\/03\/ikskiles_kulturasbiedriba-e1364556489619.jpg\"><img loading=\"lazy\" decoding=\"async\" class=\"size-full wp-image-27 alignleft\" alt=\"Ikskiles kulturasbiedriba.jpg\" src=\"https:\/\/www.kulturasbiedriba.lv\/wp-content\/uploads\/2013\/03\/ikskiles_kulturasbiedriba-e1364556489619.jpg\" width=\"200\" height=\"301\" \/><\/a>\u00a0<span style=\"text-decoration: underline;\">Kontaktinform\u0101cija :<\/span><\/p>\n<p>Biedr\u012bba \u201eIk\u0161\u0137iles Kult\u016bras biedr\u012bba\u201d<\/p>\n<p>Re\u0123. Nr. 40008002048<\/p>\n<p>Nor\u0113\u0137inu konts &#8211; LV73UNLA0050009619706<\/p>\n<p>Adrese \u2013 Centra laukums 2, Ik\u0161\u0137ile, Ogres novads, LV 5052<\/p>\n<p>E pasts \u2013 <a href=\"mailto:ikskultbiedr@inbox.lv\">ikskultbiedr@inbox.lv<\/a><\/p>\n<p>Tel. 26407782 \u2013 Lelde S\u0101mite, valdes priek\u0161s\u0113d\u0113t\u0101ja<\/p>\n","protected":false},"excerpt":{"rendered":"<p>\u00a0Kontaktinform\u0101cija : Biedr\u012bba \u201eIk\u0161\u0137iles Kult\u016bras biedr\u012bba\u201d Re\u0123. Nr. 40008002048 Nor\u0113\u0137inu konts &#8211; LV73UNLA0050009619706 Adrese \u2013 Centra laukums 2, Ik\u0161\u0137ile, Ogres novads, LV 5052 E pasts \u2013 ikskultbiedr@inbox.lv Tel. 26407782 \u2013 Lelde S\u0101mite, valdes priek\u0161s\u0113d\u0113t\u0101ja<\/p>\n","protected":false},"author":1,"featured_media":0,"parent":0,"menu_order":60,"comment_status":"closed","ping_status":"closed","template":"","meta":{"footnotes":""},"class_list":["post-59","page","type-page","status-publish","hentry"],"_links":{"self":[{"href":"https:\/\/www.kulturasbiedriba.lv\/index.php?rest_route=\/wp\/v2\/pages\/59","targetHints":{"allow":["GET"]}}],"collection":[{"href":"https:\/\/www.kulturasbiedriba.lv\/index.php?rest_route=\/wp\/v2\/pages"}],"about":[{"href":"https:\/\/www.kulturasbiedriba.lv\/index.php?rest_route=\/wp\/v2\/types\/page"}],"author":[{"embeddable":true,"href":"https:\/\/www.kulturasbiedriba.lv\/index.php?rest_route=\/wp\/v2\/users\/1"}],"replies":[{"embeddable":true,"href":"https:\/\/www.kulturasbiedriba.lv\/index.php?rest_route=%2Fwp%2Fv2%2Fcomments&post=59"}],"version-history":[{"count":14,"href":"https:\/\/www.kulturasbiedriba.lv\/index.php?rest_route=\/wp\/v2\/pages\/59\/revisions"}],"predecessor-version":[{"id":990,"href":"https:\/\/www.kulturasbiedriba.lv\/index.php?rest_route=\/wp\/v2\/pages\/59\/revisions\/990"}],"wp:attachment":[{"href":"https:\/\/www.kulturasbiedriba.lv\/index.php?rest_route=%2Fwp%2Fv2%2Fmedia&parent=59"}],"curies":[{"name":"wp","href":"https:\/\/api.w.org\/{rel}","templated":true}]}}