{"id":56,"date":"2013-03-29T10:16:15","date_gmt":"2013-03-29T12:16:15","guid":{"rendered":"http:\/\/www.kulturasbiedriba.lv\/?page_id=56"},"modified":"2013-04-03T16:06:12","modified_gmt":"2013-04-03T18:06:12","slug":"biedribas-vesture-2","status":"publish","type":"page","link":"https:\/\/www.kulturasbiedriba.lv\/?page_id=56","title":{"rendered":"Biedr\u012bbas v\u0113sture"},"content":{"rendered":"<p style=\"text-align: left;\" align=\"right\"><span style=\"letter-spacing: 0.05em; line-height: 1.6875;\">Jau s\u0101kot ar 1880.gadu Ik\u0161\u0137iles pagast\u0101 ir darboju\u0161\u0101s 44 da\u017e\u0101das biedr\u012bbas \u2013 to skait\u0101 labdar\u012bbas, dzied\u0101\u0161anas, bibliot\u0113kas, Latvijas Nacion\u0101l\u0101s Jaunatnes savien\u012bbas Ik\u0161\u0137iles noda\u013ca, sporta biedr\u012bba un v\u0113l daudzas citas.<\/span><\/p>\n<p>1927.gad\u0101 laikrakst\u0101 \u201eVald\u012bbas v\u0113stnesis\u201d Nr.288 \u2013 R\u012bgas apgabaltiesas re\u0123istr\u0101cijas noda\u013c\u0101 1927.gada 30.novembr\u012b re\u0123istr\u0113ta bezpe\u013c\u0146as biedr\u012bba \u201eIk\u0161\u0137iles Kult\u016bras biedr\u012bba\u201d.<\/p>\n<p>Kult\u016bras biedr\u012bba sav\u0101 pagast\u0101 organiz\u0113ja kori, deju kolekt\u012bvus, dr\u0101mas ansambli, ar izr\u0101d\u0113m un koncertiem peln\u012bja naudu biedr\u012bbas darb\u012bbai.<\/p>\n<p>1929.gad\u0101 no R\u012bgas apri\u0146\u0137a Ik\u0161\u0137iles pagasta m\u0101c\u012bt\u0101jmui\u017eas tika nopirkta zeme.<\/p>\n<p>No izr\u0101\u017eu un koncertu ien\u0101kumiem, k\u0101 ari no ziedojumiem ( Kult\u016bras fonds, Aizsargu organiz\u0101cija, pagasta iedz\u012bvot\u0101ji ) no 1930.- 1935.gadam uzc\u0113la Biedr\u012bbas namu. Ik\u0161\u0137iles kult\u016bras biedr\u012bbas nams tika uzb\u016bv\u0113ts pa\u0161u sp\u0113kiem, talku veid\u0101.<\/p>\n<p>1931.gada 3.j\u016blij\u0101 Ik\u0161\u0137iles kult\u016bras biedr\u012bba r\u012bkoja savus pirmos Daugavas sv\u0113tkus. Daugavas sv\u0113tku iniciators bija gleznot\u0101js, profesors J\u0101nis Kuga. Viena no m\u0101kslinieka darbu m\u012b\u013c\u0101kaj\u0101m t\u0113m\u0101m bija Daugava. Tika iedibin\u0101ta trad\u012bcija \u2013 katru gadu j\u016blija m\u0113ne\u0161a pirmaj\u0101 sv\u0113tdien\u0101 svin\u0113t Daugavas sv\u0113tkus, kuros uz kop\u012bgu sadzied\u0101\u0161anu satik\u0101s vair\u0101ku pagastu \u013caudis gar Daugavas krastiem.<\/p>\n<p>Biedr\u012bba akt\u012bvi darboj\u0101s l\u012bdz 1940.gadam. Padomju okup\u0101cijas gados nams tika nacionaliz\u0113ts, tom\u0113r tas saglab\u0101ja savas funkcijas un kalpoja k\u0101 kult\u016bras iest\u0101de.<\/p>\n<p>1989.gad\u0101 p\u0113c akt\u012bvas Ik\u0161\u0137iles iedz\u012bvot\u0101ju grupas iniciat\u012bvas ar Latvijas Tautas Frontes Ik\u0161\u0137iles un T\u012bn\u016b\u017eu noda\u013cas, LNNK, Kult\u016bras Fonda Ik\u0161\u0137iles noda\u013cas atbalstu tika atjaunota Ik\u0161\u0137iles kult\u016bras biedr\u012bba k\u0101 1927.gad\u0101 dibin\u0101t\u0101s biedr\u012bbas ties\u012bbu un trad\u012bciju mantiniece un turpin\u0101t\u0101ja. 1994.gad\u0101 biedr\u012bba atguva ar\u012b savas ties\u012bbas uz \u012bpa\u0161umu \u2013 \u0113ku un zemi.<\/p>\n","protected":false},"excerpt":{"rendered":"<p>Jau s\u0101kot ar 1880.gadu Ik\u0161\u0137iles pagast\u0101 ir darboju\u0161\u0101s 44 da\u017e\u0101das biedr\u012bbas \u2013 to skait\u0101 labdar\u012bbas, dzied\u0101\u0161anas, bibliot\u0113kas, Latvijas Nacion\u0101l\u0101s Jaunatnes savien\u012bbas Ik\u0161\u0137iles noda\u013ca, sporta biedr\u012bba un v\u0113l daudzas citas. 1927.gad\u0101 laikrakst\u0101 \u201eVald\u012bbas v\u0113stnesis\u201d Nr.288 \u2013 R\u012bgas apgabaltiesas re\u0123istr\u0101cijas noda\u013c\u0101 1927.gada&hellip;<\/p>\n<p class=\"more-link-p\"><a class=\"more-link\" href=\"https:\/\/www.kulturasbiedriba.lv\/?page_id=56\">Read more &rarr;<\/a><\/p>\n","protected":false},"author":1,"featured_media":0,"parent":0,"menu_order":50,"comment_status":"closed","ping_status":"closed","template":"","meta":{"footnotes":""},"class_list":["post-56","page","type-page","status-publish","hentry"],"_links":{"self":[{"href":"https:\/\/www.kulturasbiedriba.lv\/index.php?rest_route=\/wp\/v2\/pages\/56","targetHints":{"allow":["GET"]}}],"collection":[{"href":"https:\/\/www.kulturasbiedriba.lv\/index.php?rest_route=\/wp\/v2\/pages"}],"about":[{"href":"https:\/\/www.kulturasbiedriba.lv\/index.php?rest_route=\/wp\/v2\/types\/page"}],"author":[{"embeddable":true,"href":"https:\/\/www.kulturasbiedriba.lv\/index.php?rest_route=\/wp\/v2\/users\/1"}],"replies":[{"embeddable":true,"href":"https:\/\/www.kulturasbiedriba.lv\/index.php?rest_route=%2Fwp%2Fv2%2Fcomments&post=56"}],"version-history":[{"count":8,"href":"https:\/\/www.kulturasbiedriba.lv\/index.php?rest_route=\/wp\/v2\/pages\/56\/revisions"}],"predecessor-version":[{"id":554,"href":"https:\/\/www.kulturasbiedriba.lv\/index.php?rest_route=\/wp\/v2\/pages\/56\/revisions\/554"}],"wp:attachment":[{"href":"https:\/\/www.kulturasbiedriba.lv\/index.php?rest_route=%2Fwp%2Fv2%2Fmedia&parent=56"}],"curies":[{"name":"wp","href":"https:\/\/api.w.org\/{rel}","templated":true}]}}