{"id":52,"date":"2013-03-29T10:15:38","date_gmt":"2013-03-29T12:15:38","guid":{"rendered":"http:\/\/www.kulturasbiedriba.lv\/?page_id=52"},"modified":"2013-06-20T17:51:59","modified_gmt":"2013-06-20T19:51:59","slug":"biedriba-sodien","status":"publish","type":"page","link":"https:\/\/www.kulturasbiedriba.lv\/?page_id=52","title":{"rendered":"Biedr\u012bba \u0161odien"},"content":{"rendered":"<p style=\"text-align: center;\"><strong>Par biedr\u012bbu<\/strong><\/p>\n<p>Biedr\u012bbas sabiedrisk\u0101 labuma darb\u012bbas veidi:<\/p>\n<p>&#8211;\u00a0\u00a0\u00a0\u00a0\u00a0\u00a0\u00a0\u00a0\u00a0 Pilsonisk\u0101s sabiedr\u012bbas att\u012bst\u012bba,<\/p>\n<p>&#8211;\u00a0\u00a0\u00a0\u00a0\u00a0\u00a0\u00a0\u00a0\u00a0 Izgl\u012bt\u012bbas atbalst\u012b\u0161ana,<\/p>\n<p>&#8211;\u00a0\u00a0\u00a0\u00a0\u00a0\u00a0\u00a0\u00a0\u00a0 Kult\u016bras atbalst\u012b\u0161ana.<\/p>\n<p>&nbsp;<\/p>\n<p>Biedr\u012bbas darbu vada Iks\u0137iles Kult\u016bras biedr\u012bbas valde 5 cilv\u0113ku sast\u0101v\u0101.<\/p>\n<p>Biedr\u012bbas darb\u012bbas galvenos virzienus un valdes sast\u0101vu apstiprina biedr\u012bbas pilnsapulc\u0113. Par biedr\u012bbas biedru var k\u013c\u016bt ikviens pilsonis, kas iev\u0113ro un izpilda biedr\u012bbas stat\u016btus.<\/p>\n<p>2006.gad\u0101 Latvijas Republikas Finan\u0161u ministrijas l\u0113mums Nr. 294 \u201ePar sabiedrisk\u0101 labuma organiz\u0101cijas statusa pie\u0161\u0137ir\u0161anu biedr\u012bbai \u201eIk\u0161\u0137iles kult\u016bras biedr\u012bba\u201d.<\/p>\n<p>&nbsp;<\/p>\n<p style=\"text-align: center;\"><strong>Biedr\u012bbas trad\u012bcijas<\/strong><\/p>\n<p>1989.gada 2.j\u016blij\u0101 atjaunot\u0101 Kult\u016bras biedr\u012bba noorganiz\u0113ja 10. (atjaunotos) Daugavas sv\u0113tkus un turpm\u0101k Daugavas sv\u0113tki notika katru gadu, p\u0113d\u0113jos trijos gados Daugavas sv\u0113tki ir ieguvu\u0161i pla\u0161\u0101ku skan\u0113jumu, tiek aicin\u0101ti kori, dejot\u0101ji no da\u017e\u0101d\u0101m Latvijas pils\u0113t\u0101m un novadiem, piedal\u0101s profesion\u0101li aktieri un skatuves m\u0101kslinieki.<\/p>\n<p>Katru gadu Biedr\u012bba aicina iedz\u012bvot\u0101jus uz tradicion\u0101lajiem Te\u0101tra sv\u0113tkiem, jo te\u0101tra trad\u012bcijas Ik\u0161\u0137iles novad\u0101 ir \u013coti senas un bag\u0101tas. \u012apa\u0161i 60.gados, pateicoties izcilajai re\u017eisorei Margai Teterei \u2013 Valdmanei, te\u0101tra m\u0101kslinieciskais l\u012bmenis bija \u013coti augsts. Kop\u0161 1987.gada p\u0113c Valda L\u016bri\u0146a iniciat\u012bvas mazliet form\u0101l\u0101 Starptautisk\u0101 Te\u0101tra diena k\u013cuva par \u012bstiem Te\u0101tra sv\u0113tkiem, kuros te\u0101tris mekl\u0113ja \u012bstu saskarsmi un vienot\u012bbu ar tautu.\u00a0 Tagad katru gadu marta beig\u0101s cen\u0161amies skat\u012bt\u0101jiem pied\u0101v\u0101t ko at\u0161\u0137ir\u012bgu, lai \u013cautu ikvienam izjust te\u0101tra m\u0101kslas vienreiz\u012bgumu un burv\u012bbu, savu latvisko identit\u0101ti, savu m\u012blest\u012bbu uz latvie\u0161u te\u0101tri.<\/p>\n","protected":false},"excerpt":{"rendered":"<p>Par biedr\u012bbu Biedr\u012bbas sabiedrisk\u0101 labuma darb\u012bbas veidi: &#8211;\u00a0\u00a0\u00a0\u00a0\u00a0\u00a0\u00a0\u00a0\u00a0 Pilsonisk\u0101s sabiedr\u012bbas att\u012bst\u012bba, &#8211;\u00a0\u00a0\u00a0\u00a0\u00a0\u00a0\u00a0\u00a0\u00a0 Izgl\u012bt\u012bbas atbalst\u012b\u0161ana, &#8211;\u00a0\u00a0\u00a0\u00a0\u00a0\u00a0\u00a0\u00a0\u00a0 Kult\u016bras atbalst\u012b\u0161ana. &nbsp; Biedr\u012bbas darbu vada Iks\u0137iles Kult\u016bras biedr\u012bbas valde 5 cilv\u0113ku sast\u0101v\u0101. Biedr\u012bbas darb\u012bbas galvenos virzienus un valdes sast\u0101vu apstiprina biedr\u012bbas pilnsapulc\u0113. Par biedr\u012bbas&hellip;<\/p>\n<p class=\"more-link-p\"><a class=\"more-link\" href=\"https:\/\/www.kulturasbiedriba.lv\/?page_id=52\">Read more &rarr;<\/a><\/p>\n","protected":false},"author":1,"featured_media":0,"parent":0,"menu_order":40,"comment_status":"closed","ping_status":"closed","template":"","meta":{"footnotes":""},"class_list":["post-52","page","type-page","status-publish","hentry"],"_links":{"self":[{"href":"https:\/\/www.kulturasbiedriba.lv\/index.php?rest_route=\/wp\/v2\/pages\/52","targetHints":{"allow":["GET"]}}],"collection":[{"href":"https:\/\/www.kulturasbiedriba.lv\/index.php?rest_route=\/wp\/v2\/pages"}],"about":[{"href":"https:\/\/www.kulturasbiedriba.lv\/index.php?rest_route=\/wp\/v2\/types\/page"}],"author":[{"embeddable":true,"href":"https:\/\/www.kulturasbiedriba.lv\/index.php?rest_route=\/wp\/v2\/users\/1"}],"replies":[{"embeddable":true,"href":"https:\/\/www.kulturasbiedriba.lv\/index.php?rest_route=%2Fwp%2Fv2%2Fcomments&post=52"}],"version-history":[{"count":9,"href":"https:\/\/www.kulturasbiedriba.lv\/index.php?rest_route=\/wp\/v2\/pages\/52\/revisions"}],"predecessor-version":[{"id":383,"href":"https:\/\/www.kulturasbiedriba.lv\/index.php?rest_route=\/wp\/v2\/pages\/52\/revisions\/383"}],"wp:attachment":[{"href":"https:\/\/www.kulturasbiedriba.lv\/index.php?rest_route=%2Fwp%2Fv2%2Fmedia&parent=52"}],"curies":[{"name":"wp","href":"https:\/\/api.w.org\/{rel}","templated":true}]}}