{"id":196,"date":"2013-03-31T00:48:38","date_gmt":"2013-03-31T02:48:38","guid":{"rendered":"http:\/\/www.kulturasbiedriba.lv\/?page_id=196"},"modified":"2013-03-31T01:26:17","modified_gmt":"2013-03-31T03:26:17","slug":"daugavas-svetki-14-julija-2012","status":"publish","type":"page","link":"https:\/\/www.kulturasbiedriba.lv\/?page_id=196","title":{"rendered":"Daugavas sv\u0113tki 14.j\u016blij\u0101 2012"},"content":{"rendered":"<p><a href=\"https:\/\/www.kulturasbiedriba.lv\/wp-content\/uploads\/2013\/03\/daugavas-svetki-16895.jpg\"><img loading=\"lazy\" decoding=\"async\" class=\"alignleft size-large wp-image-154\" alt=\"daugavas svetki (168)95\" src=\"https:\/\/www.kulturasbiedriba.lv\/wp-content\/uploads\/2013\/03\/daugavas-svetki-16895-1024x684.jpg\" width=\"680\" height=\"454\" srcset=\"https:\/\/www.kulturasbiedriba.lv\/wp-content\/uploads\/2013\/03\/daugavas-svetki-16895-1024x684.jpg 1024w, https:\/\/www.kulturasbiedriba.lv\/wp-content\/uploads\/2013\/03\/daugavas-svetki-16895-300x200.jpg 300w\" sizes=\"auto, (max-width: 680px) 100vw, 680px\" \/><\/a> <a href=\"https:\/\/www.kulturasbiedriba.lv\/wp-content\/uploads\/2013\/03\/daugavas-svetki-10975.jpg\"><img loading=\"lazy\" decoding=\"async\" class=\"alignleft size-large wp-image-152\" alt=\"daugavas svetki (109)75\" src=\"https:\/\/www.kulturasbiedriba.lv\/wp-content\/uploads\/2013\/03\/daugavas-svetki-10975-1024x685.jpg\" width=\"680\" height=\"454\" srcset=\"https:\/\/www.kulturasbiedriba.lv\/wp-content\/uploads\/2013\/03\/daugavas-svetki-10975-1024x685.jpg 1024w, https:\/\/www.kulturasbiedriba.lv\/wp-content\/uploads\/2013\/03\/daugavas-svetki-10975-300x200.jpg 300w\" sizes=\"auto, (max-width: 680px) 100vw, 680px\" \/><\/a> <a href=\"https:\/\/www.kulturasbiedriba.lv\/wp-content\/uploads\/2013\/03\/daugavas-svetki-10085.jpg\"><img loading=\"lazy\" decoding=\"async\" class=\"alignleft size-large wp-image-151\" alt=\"daugavas svetki (100)85\" src=\"https:\/\/www.kulturasbiedriba.lv\/wp-content\/uploads\/2013\/03\/daugavas-svetki-10085-685x1024.jpg\" width=\"680\" height=\"1016\" srcset=\"https:\/\/www.kulturasbiedriba.lv\/wp-content\/uploads\/2013\/03\/daugavas-svetki-10085-685x1024.jpg 685w, https:\/\/www.kulturasbiedriba.lv\/wp-content\/uploads\/2013\/03\/daugavas-svetki-10085-200x300.jpg 200w\" sizes=\"auto, (max-width: 680px) 100vw, 680px\" \/><\/a> <a href=\"https:\/\/www.kulturasbiedriba.lv\/wp-content\/uploads\/2013\/03\/daugavas-svetki-9480.jpg\"><img loading=\"lazy\" decoding=\"async\" class=\"alignleft size-large wp-image-150\" alt=\"daugavas svetki (94)80\" src=\"https:\/\/www.kulturasbiedriba.lv\/wp-content\/uploads\/2013\/03\/daugavas-svetki-9480-685x1024.jpg\" width=\"680\" height=\"1016\" srcset=\"https:\/\/www.kulturasbiedriba.lv\/wp-content\/uploads\/2013\/03\/daugavas-svetki-9480-685x1024.jpg 685w, https:\/\/www.kulturasbiedriba.lv\/wp-content\/uploads\/2013\/03\/daugavas-svetki-9480-200x300.jpg 200w\" sizes=\"auto, (max-width: 680px) 100vw, 680px\" \/><\/a> <a href=\"https:\/\/www.kulturasbiedriba.lv\/wp-content\/uploads\/2013\/03\/daugavas-svetki-6275.jpg\"><img loading=\"lazy\" decoding=\"async\" class=\"alignleft size-large wp-image-149\" alt=\"daugavas svetki (62)75\" src=\"https:\/\/www.kulturasbiedriba.lv\/wp-content\/uploads\/2013\/03\/daugavas-svetki-6275-685x1024.jpg\" width=\"680\" height=\"1016\" srcset=\"https:\/\/www.kulturasbiedriba.lv\/wp-content\/uploads\/2013\/03\/daugavas-svetki-6275-685x1024.jpg 685w, https:\/\/www.kulturasbiedriba.lv\/wp-content\/uploads\/2013\/03\/daugavas-svetki-6275-200x300.jpg 200w, https:\/\/www.kulturasbiedriba.lv\/wp-content\/uploads\/2013\/03\/daugavas-svetki-6275.jpg 1944w\" sizes=\"auto, (max-width: 680px) 100vw, 680px\" \/><\/a> <a href=\"https:\/\/www.kulturasbiedriba.lv\/wp-content\/uploads\/2013\/03\/daugavas-svetki-4790.jpg\"><img loading=\"lazy\" decoding=\"async\" class=\"alignleft size-large wp-image-148\" alt=\"daugavas svetki (47)90\" src=\"https:\/\/www.kulturasbiedriba.lv\/wp-content\/uploads\/2013\/03\/daugavas-svetki-4790-1024x727.jpg\" width=\"680\" height=\"482\" srcset=\"https:\/\/www.kulturasbiedriba.lv\/wp-content\/uploads\/2013\/03\/daugavas-svetki-4790-1024x727.jpg 1024w, https:\/\/www.kulturasbiedriba.lv\/wp-content\/uploads\/2013\/03\/daugavas-svetki-4790-300x213.jpg 300w\" sizes=\"auto, (max-width: 680px) 100vw, 680px\" \/><\/a> <a href=\"https:\/\/www.kulturasbiedriba.lv\/wp-content\/uploads\/2013\/03\/daugavas-svetki-2475.jpg\"><img loading=\"lazy\" decoding=\"async\" class=\"alignleft size-large wp-image-147\" alt=\"daugavas svetki (24)75\" src=\"https:\/\/www.kulturasbiedriba.lv\/wp-content\/uploads\/2013\/03\/daugavas-svetki-2475-1024x685.jpg\" width=\"680\" height=\"454\" srcset=\"https:\/\/www.kulturasbiedriba.lv\/wp-content\/uploads\/2013\/03\/daugavas-svetki-2475-1024x685.jpg 1024w, https:\/\/www.kulturasbiedriba.lv\/wp-content\/uploads\/2013\/03\/daugavas-svetki-2475-300x200.jpg 300w\" sizes=\"auto, (max-width: 680px) 100vw, 680px\" \/><\/a> <a href=\"https:\/\/www.kulturasbiedriba.lv\/wp-content\/uploads\/2013\/03\/daugavas-svetki-1675.jpg\"><img loading=\"lazy\" decoding=\"async\" class=\"alignleft size-large wp-image-146\" alt=\"daugavas svetki (16)75\" src=\"https:\/\/www.kulturasbiedriba.lv\/wp-content\/uploads\/2013\/03\/daugavas-svetki-1675-685x1024.jpg\" width=\"680\" height=\"1016\" srcset=\"https:\/\/www.kulturasbiedriba.lv\/wp-content\/uploads\/2013\/03\/daugavas-svetki-1675-685x1024.jpg 685w, https:\/\/www.kulturasbiedriba.lv\/wp-content\/uploads\/2013\/03\/daugavas-svetki-1675-200x300.jpg 200w, https:\/\/www.kulturasbiedriba.lv\/wp-content\/uploads\/2013\/03\/daugavas-svetki-1675.jpg 1944w\" sizes=\"auto, (max-width: 680px) 100vw, 680px\" \/><\/a> <a href=\"https:\/\/www.kulturasbiedriba.lv\/wp-content\/uploads\/2013\/03\/daugavas-svetki-180.jpg\"><img loading=\"lazy\" decoding=\"async\" class=\"alignleft size-large wp-image-45\" alt=\"daugavas svetki (180)\" src=\"https:\/\/www.kulturasbiedriba.lv\/wp-content\/uploads\/2013\/03\/daugavas-svetki-180-1024x768.jpg\" width=\"680\" height=\"510\" srcset=\"https:\/\/www.kulturasbiedriba.lv\/wp-content\/uploads\/2013\/03\/daugavas-svetki-180-1024x768.jpg 1024w, https:\/\/www.kulturasbiedriba.lv\/wp-content\/uploads\/2013\/03\/daugavas-svetki-180-300x225.jpg 300w, https:\/\/www.kulturasbiedriba.lv\/wp-content\/uploads\/2013\/03\/daugavas-svetki-180.jpg 1600w\" sizes=\"auto, (max-width: 680px) 100vw, 680px\" \/><\/a> <a href=\"https:\/\/www.kulturasbiedriba.lv\/wp-content\/uploads\/2013\/03\/daugavas-svetki-179.jpg\"><img loading=\"lazy\" decoding=\"async\" class=\"alignleft size-large wp-image-44\" alt=\"daugavas svetki (179)\" src=\"https:\/\/www.kulturasbiedriba.lv\/wp-content\/uploads\/2013\/03\/daugavas-svetki-179-1024x768.jpg\" width=\"680\" height=\"510\" srcset=\"https:\/\/www.kulturasbiedriba.lv\/wp-content\/uploads\/2013\/03\/daugavas-svetki-179-1024x768.jpg 1024w, https:\/\/www.kulturasbiedriba.lv\/wp-content\/uploads\/2013\/03\/daugavas-svetki-179-300x225.jpg 300w, https:\/\/www.kulturasbiedriba.lv\/wp-content\/uploads\/2013\/03\/daugavas-svetki-179.jpg 1600w\" sizes=\"auto, (max-width: 680px) 100vw, 680px\" \/><\/a> <a href=\"https:\/\/www.kulturasbiedriba.lv\/wp-content\/uploads\/2013\/03\/daugavas-svetki-163.jpg\"><img loading=\"lazy\" decoding=\"async\" class=\"alignleft size-large wp-image-43\" alt=\"daugavas svetki (163)\" src=\"https:\/\/www.kulturasbiedriba.lv\/wp-content\/uploads\/2013\/03\/daugavas-svetki-163-706x1024.jpg\" width=\"680\" height=\"986\" srcset=\"https:\/\/www.kulturasbiedriba.lv\/wp-content\/uploads\/2013\/03\/daugavas-svetki-163-706x1024.jpg 706w, https:\/\/www.kulturasbiedriba.lv\/wp-content\/uploads\/2013\/03\/daugavas-svetki-163-206x300.jpg 206w, https:\/\/www.kulturasbiedriba.lv\/wp-content\/uploads\/2013\/03\/daugavas-svetki-163.jpg 995w\" sizes=\"auto, (max-width: 680px) 100vw, 680px\" \/><\/a> <a href=\"https:\/\/www.kulturasbiedriba.lv\/wp-content\/uploads\/2013\/03\/daugavas-svetki-125.jpg\"><img loading=\"lazy\" decoding=\"async\" class=\"alignleft size-large wp-image-42\" alt=\"daugavas svetki (125)\" src=\"https:\/\/www.kulturasbiedriba.lv\/wp-content\/uploads\/2013\/03\/daugavas-svetki-125-1024x680.jpg\" width=\"680\" height=\"451\" srcset=\"https:\/\/www.kulturasbiedriba.lv\/wp-content\/uploads\/2013\/03\/daugavas-svetki-125-1024x680.jpg 1024w, https:\/\/www.kulturasbiedriba.lv\/wp-content\/uploads\/2013\/03\/daugavas-svetki-125-300x199.jpg 300w\" sizes=\"auto, (max-width: 680px) 100vw, 680px\" \/><\/a> <a href=\"https:\/\/www.kulturasbiedriba.lv\/wp-content\/uploads\/2013\/03\/daugavas-svetki-13.jpg\"><img loading=\"lazy\" decoding=\"async\" class=\"alignleft size-large wp-image-41\" alt=\"daugavas svetki (13)\" src=\"https:\/\/www.kulturasbiedriba.lv\/wp-content\/uploads\/2013\/03\/daugavas-svetki-13-705x1024.jpg\" width=\"680\" height=\"987\" srcset=\"https:\/\/www.kulturasbiedriba.lv\/wp-content\/uploads\/2013\/03\/daugavas-svetki-13-705x1024.jpg 705w, https:\/\/www.kulturasbiedriba.lv\/wp-content\/uploads\/2013\/03\/daugavas-svetki-13-206x300.jpg 206w, https:\/\/www.kulturasbiedriba.lv\/wp-content\/uploads\/2013\/03\/daugavas-svetki-13.jpg 1040w\" sizes=\"auto, (max-width: 680px) 100vw, 680px\" \/><\/a> <a href=\"https:\/\/www.kulturasbiedriba.lv\/wp-content\/uploads\/2013\/03\/daugavas-svetki-3.jpg\"><img loading=\"lazy\" decoding=\"async\" class=\"alignleft size-large wp-image-40\" alt=\"daugavas svetki (3)\" src=\"https:\/\/www.kulturasbiedriba.lv\/wp-content\/uploads\/2013\/03\/daugavas-svetki-3-1024x686.jpg\" width=\"680\" height=\"455\" srcset=\"https:\/\/www.kulturasbiedriba.lv\/wp-content\/uploads\/2013\/03\/daugavas-svetki-3-1024x686.jpg 1024w, https:\/\/www.kulturasbiedriba.lv\/wp-content\/uploads\/2013\/03\/daugavas-svetki-3-300x201.jpg 300w\" sizes=\"auto, (max-width: 680px) 100vw, 680px\" \/><\/a><\/p>\n","protected":false},"excerpt":{"rendered":"","protected":false},"author":1,"featured_media":0,"parent":39,"menu_order":21,"comment_status":"closed","ping_status":"closed","template":"","meta":{"footnotes":""},"class_list":["post-196","page","type-page","status-publish","hentry"],"_links":{"self":[{"href":"https:\/\/www.kulturasbiedriba.lv\/index.php?rest_route=\/wp\/v2\/pages\/196","targetHints":{"allow":["GET"]}}],"collection":[{"href":"https:\/\/www.kulturasbiedriba.lv\/index.php?rest_route=\/wp\/v2\/pages"}],"about":[{"href":"https:\/\/www.kulturasbiedriba.lv\/index.php?rest_route=\/wp\/v2\/types\/page"}],"author":[{"embeddable":true,"href":"https:\/\/www.kulturasbiedriba.lv\/index.php?rest_route=\/wp\/v2\/users\/1"}],"replies":[{"embeddable":true,"href":"https:\/\/www.kulturasbiedriba.lv\/index.php?rest_route=%2Fwp%2Fv2%2Fcomments&post=196"}],"version-history":[{"count":8,"href":"https:\/\/www.kulturasbiedriba.lv\/index.php?rest_route=\/wp\/v2\/pages\/196\/revisions"}],"predecessor-version":[{"id":229,"href":"https:\/\/www.kulturasbiedriba.lv\/index.php?rest_route=\/wp\/v2\/pages\/196\/revisions\/229"}],"up":[{"embeddable":true,"href":"https:\/\/www.kulturasbiedriba.lv\/index.php?rest_route=\/wp\/v2\/pages\/39"}],"wp:attachment":[{"href":"https:\/\/www.kulturasbiedriba.lv\/index.php?rest_route=%2Fwp%2Fv2%2Fmedia&parent=196"}],"curies":[{"name":"wp","href":"https:\/\/api.w.org\/{rel}","templated":true}]}}