{"id":191,"date":"2013-03-31T00:43:26","date_gmt":"2013-03-30T21:43:26","guid":{"rendered":"http:\/\/www.kulturasbiedriba.lv\/?page_id=191"},"modified":"2014-07-21T22:48:31","modified_gmt":"2014-07-21T19:48:31","slug":"ikskiles-kulturas-biedribai-85-gadu-jubileja-12-augusta-2012","status":"publish","type":"page","link":"https:\/\/www.kulturasbiedriba.lv\/?page_id=191","title":{"rendered":"Ik\u0161\u0137iles Kult\u016bras biedr\u012bbai 85 gadu jubileja 8.decembr\u012b 2012"},"content":{"rendered":"<p><img loading=\"lazy\" decoding=\"async\" class=\"alignleft size-large wp-image-186\" alt=\"jubileja85 090 80\" src=\"https:\/\/www.kulturasbiedriba.lv\/wp-content\/uploads\/2013\/03\/jubileja85-090-80-1024x685.jpg\" width=\"680\" height=\"454\" srcset=\"https:\/\/www.kulturasbiedriba.lv\/wp-content\/uploads\/2013\/03\/jubileja85-090-80-1024x685.jpg 1024w, https:\/\/www.kulturasbiedriba.lv\/wp-content\/uploads\/2013\/03\/jubileja85-090-80-300x200.jpg 300w\" sizes=\"auto, (max-width: 680px) 100vw, 680px\" \/> <img loading=\"lazy\" decoding=\"async\" class=\"alignleft size-large wp-image-185\" alt=\"jubileja85 088 80\" src=\"https:\/\/www.kulturasbiedriba.lv\/wp-content\/uploads\/2013\/03\/jubileja85-088-80-685x1024.jpg\" width=\"680\" height=\"1016\" srcset=\"https:\/\/www.kulturasbiedriba.lv\/wp-content\/uploads\/2013\/03\/jubileja85-088-80-685x1024.jpg 685w, https:\/\/www.kulturasbiedriba.lv\/wp-content\/uploads\/2013\/03\/jubileja85-088-80-200x300.jpg 200w\" sizes=\"auto, (max-width: 680px) 100vw, 680px\" \/> <img loading=\"lazy\" decoding=\"async\" class=\"alignleft size-large wp-image-184\" alt=\"jubileja85 081 75\" src=\"https:\/\/www.kulturasbiedriba.lv\/wp-content\/uploads\/2013\/03\/jubileja85-081-75-685x1024.jpg\" width=\"680\" height=\"1016\" srcset=\"https:\/\/www.kulturasbiedriba.lv\/wp-content\/uploads\/2013\/03\/jubileja85-081-75-685x1024.jpg 685w, https:\/\/www.kulturasbiedriba.lv\/wp-content\/uploads\/2013\/03\/jubileja85-081-75-200x300.jpg 200w, https:\/\/www.kulturasbiedriba.lv\/wp-content\/uploads\/2013\/03\/jubileja85-081-75.jpg 1944w\" sizes=\"auto, (max-width: 680px) 100vw, 680px\" \/> <img loading=\"lazy\" decoding=\"async\" class=\"alignleft size-large wp-image-183\" alt=\"jubileja85 070 80\" src=\"https:\/\/www.kulturasbiedriba.lv\/wp-content\/uploads\/2013\/03\/jubileja85-070-80-685x1024.jpg\" width=\"680\" height=\"1016\" srcset=\"https:\/\/www.kulturasbiedriba.lv\/wp-content\/uploads\/2013\/03\/jubileja85-070-80-685x1024.jpg 685w, https:\/\/www.kulturasbiedriba.lv\/wp-content\/uploads\/2013\/03\/jubileja85-070-80-200x300.jpg 200w\" sizes=\"auto, (max-width: 680px) 100vw, 680px\" \/> <img loading=\"lazy\" decoding=\"async\" class=\"alignleft size-large wp-image-182\" alt=\"jubileja85 062 80\" src=\"https:\/\/www.kulturasbiedriba.lv\/wp-content\/uploads\/2013\/03\/jubileja85-062-80-685x1024.jpg\" width=\"680\" height=\"1016\" srcset=\"https:\/\/www.kulturasbiedriba.lv\/wp-content\/uploads\/2013\/03\/jubileja85-062-80-685x1024.jpg 685w, https:\/\/www.kulturasbiedriba.lv\/wp-content\/uploads\/2013\/03\/jubileja85-062-80-200x300.jpg 200w\" sizes=\"auto, (max-width: 680px) 100vw, 680px\" \/> <img loading=\"lazy\" decoding=\"async\" class=\"alignleft size-large wp-image-181\" alt=\"jubileja85 061 80\" src=\"https:\/\/www.kulturasbiedriba.lv\/wp-content\/uploads\/2013\/03\/jubileja85-061-80-685x1024.jpg\" width=\"680\" height=\"1016\" srcset=\"https:\/\/www.kulturasbiedriba.lv\/wp-content\/uploads\/2013\/03\/jubileja85-061-80-685x1024.jpg 685w, https:\/\/www.kulturasbiedriba.lv\/wp-content\/uploads\/2013\/03\/jubileja85-061-80-200x300.jpg 200w\" sizes=\"auto, (max-width: 680px) 100vw, 680px\" \/> <img loading=\"lazy\" decoding=\"async\" class=\"alignleft size-large wp-image-180\" alt=\"jubileja85 053 80\" src=\"https:\/\/www.kulturasbiedriba.lv\/wp-content\/uploads\/2013\/03\/jubileja85-053-80-685x1024.jpg\" width=\"680\" height=\"1016\" srcset=\"https:\/\/www.kulturasbiedriba.lv\/wp-content\/uploads\/2013\/03\/jubileja85-053-80-685x1024.jpg 685w, https:\/\/www.kulturasbiedriba.lv\/wp-content\/uploads\/2013\/03\/jubileja85-053-80-200x300.jpg 200w\" sizes=\"auto, (max-width: 680px) 100vw, 680px\" \/> <img loading=\"lazy\" decoding=\"async\" class=\"alignleft size-large wp-image-179\" alt=\"jubileja85 051 80\" src=\"https:\/\/www.kulturasbiedriba.lv\/wp-content\/uploads\/2013\/03\/jubileja85-051-80-1024x685.jpg\" width=\"680\" height=\"454\" srcset=\"https:\/\/www.kulturasbiedriba.lv\/wp-content\/uploads\/2013\/03\/jubileja85-051-80-1024x685.jpg 1024w, https:\/\/www.kulturasbiedriba.lv\/wp-content\/uploads\/2013\/03\/jubileja85-051-80-300x200.jpg 300w\" sizes=\"auto, (max-width: 680px) 100vw, 680px\" \/> <img loading=\"lazy\" decoding=\"async\" class=\"alignleft size-large wp-image-178\" alt=\"jubileja85 047 85\" src=\"https:\/\/www.kulturasbiedriba.lv\/wp-content\/uploads\/2013\/03\/jubileja85-047-85-1024x685.jpg\" width=\"680\" height=\"454\" srcset=\"https:\/\/www.kulturasbiedriba.lv\/wp-content\/uploads\/2013\/03\/jubileja85-047-85-1024x685.jpg 1024w, https:\/\/www.kulturasbiedriba.lv\/wp-content\/uploads\/2013\/03\/jubileja85-047-85-300x200.jpg 300w\" sizes=\"auto, (max-width: 680px) 100vw, 680px\" \/> <img loading=\"lazy\" decoding=\"async\" class=\"alignleft size-large wp-image-177\" alt=\"jubileja85 043 80\" src=\"https:\/\/www.kulturasbiedriba.lv\/wp-content\/uploads\/2013\/03\/jubileja85-043-80-1024x685.jpg\" width=\"680\" height=\"454\" srcset=\"https:\/\/www.kulturasbiedriba.lv\/wp-content\/uploads\/2013\/03\/jubileja85-043-80-1024x685.jpg 1024w, https:\/\/www.kulturasbiedriba.lv\/wp-content\/uploads\/2013\/03\/jubileja85-043-80-300x200.jpg 300w\" sizes=\"auto, (max-width: 680px) 100vw, 680px\" \/> <a href=\"https:\/\/www.kulturasbiedriba.lv\/wp-content\/uploads\/2013\/03\/jubileja85-022-80.jpg\"><img loading=\"lazy\" decoding=\"async\" class=\"alignleft size-large wp-image-176\" alt=\"jubileja85 022 80\" src=\"https:\/\/www.kulturasbiedriba.lv\/wp-content\/uploads\/2013\/03\/jubileja85-022-80-1024x685.jpg\" width=\"680\" height=\"454\" srcset=\"https:\/\/www.kulturasbiedriba.lv\/wp-content\/uploads\/2013\/03\/jubileja85-022-80-1024x685.jpg 1024w, https:\/\/www.kulturasbiedriba.lv\/wp-content\/uploads\/2013\/03\/jubileja85-022-80-300x200.jpg 300w\" sizes=\"auto, (max-width: 680px) 100vw, 680px\" \/><\/a><\/p>\n","protected":false},"excerpt":{"rendered":"","protected":false},"author":1,"featured_media":0,"parent":39,"menu_order":15,"comment_status":"closed","ping_status":"closed","template":"","meta":{"footnotes":""},"class_list":["post-191","page","type-page","status-publish","hentry"],"_links":{"self":[{"href":"https:\/\/www.kulturasbiedriba.lv\/index.php?rest_route=\/wp\/v2\/pages\/191","targetHints":{"allow":["GET"]}}],"collection":[{"href":"https:\/\/www.kulturasbiedriba.lv\/index.php?rest_route=\/wp\/v2\/pages"}],"about":[{"href":"https:\/\/www.kulturasbiedriba.lv\/index.php?rest_route=\/wp\/v2\/types\/page"}],"author":[{"embeddable":true,"href":"https:\/\/www.kulturasbiedriba.lv\/index.php?rest_route=\/wp\/v2\/users\/1"}],"replies":[{"embeddable":true,"href":"https:\/\/www.kulturasbiedriba.lv\/index.php?rest_route=%2Fwp%2Fv2%2Fcomments&post=191"}],"version-history":[{"count":9,"href":"https:\/\/www.kulturasbiedriba.lv\/index.php?rest_route=\/wp\/v2\/pages\/191\/revisions"}],"predecessor-version":[{"id":472,"href":"https:\/\/www.kulturasbiedriba.lv\/index.php?rest_route=\/wp\/v2\/pages\/191\/revisions\/472"}],"up":[{"embeddable":true,"href":"https:\/\/www.kulturasbiedriba.lv\/index.php?rest_route=\/wp\/v2\/pages\/39"}],"wp:attachment":[{"href":"https:\/\/www.kulturasbiedriba.lv\/index.php?rest_route=%2Fwp%2Fv2%2Fmedia&parent=191"}],"curies":[{"name":"wp","href":"https:\/\/api.w.org\/{rel}","templated":true}]}}