{"id":1102,"date":"2023-12-03T23:13:37","date_gmt":"2023-12-03T20:13:37","guid":{"rendered":"http:\/\/www.kulturasbiedriba.lv\/?page_id=1102"},"modified":"2023-12-03T23:32:49","modified_gmt":"2023-12-03T20:32:49","slug":"ieskats-izstade-janis-kuga-scenografija-latvija-janim-kugam-145","status":"publish","type":"page","link":"https:\/\/www.kulturasbiedriba.lv\/?page_id=1102","title":{"rendered":"Ieskats izst\u0101d\u0113 &#8220;J\u0101nis Kuga. Scenogr\u0101fija. Latvija.&#8221; (J\u0101nim Kugam &#8211; 145)"},"content":{"rendered":"<p>Izst\u0101de tapusi ar Ogres novada pa\u0161vald\u012bbas finansi\u0101lo atbalstu projektu konkursa &#8220;Rado\u0161i &#8211; Akt\u012bvi &#8211; Darb\u012bgi &#8211; Izgl\u012btojo\u0161i &#8211; Ogres novadam &#8221; ietvaros (R.A.D.I. 2023.-5) .<\/p>\n<p>17.-20 novembris 2023. Ik\u0161\u0137iles Tautas Nam\u0101.<\/p>\n<p>Filma par J\u0101ni Kugu &#8211; links: <a href=\"https:\/\/vimeo.com\/885109087\">https:\/\/vimeo.com\/885109087<\/a><\/p>\n<p>V\u0113l pieejamas gleznu fotogr\u0101fijas &#8211; links: <a title=\"J\u0101\u0146a Kugas gleznas\" href=\"https:\/\/failiem.lv\/f\/gnfrr3jf3t\">https:\/\/failiem.lv\/f\/gnfrr3jf3t<\/a><\/p>\n<p>Scenogr\u0101fijas\u00a0 &#8211;<\/p>\n<p><img loading=\"lazy\" decoding=\"async\" class=\"alignnone size-full wp-image-1099\" alt=\"J.Kuga Scenografijas (14)\" src=\"https:\/\/www.kulturasbiedriba.lv\/wp-content\/uploads\/2023\/11\/J.Kuga-Scenografijas-14.jpg\" width=\"1285\" height=\"1900\" srcset=\"https:\/\/www.kulturasbiedriba.lv\/wp-content\/uploads\/2023\/11\/J.Kuga-Scenografijas-14.jpg 1285w, https:\/\/www.kulturasbiedriba.lv\/wp-content\/uploads\/2023\/11\/J.Kuga-Scenografijas-14-202x300.jpg 202w\" sizes=\"auto, (max-width: 1285px) 100vw, 1285px\" \/> <img loading=\"lazy\" decoding=\"async\" class=\"alignnone size-full wp-image-1097\" alt=\"J.Kuga Scenografijas (12)\" src=\"https:\/\/www.kulturasbiedriba.lv\/wp-content\/uploads\/2023\/11\/J.Kuga-Scenografijas-12.jpg\" width=\"1900\" height=\"1368\" srcset=\"https:\/\/www.kulturasbiedriba.lv\/wp-content\/uploads\/2023\/11\/J.Kuga-Scenografijas-12.jpg 1900w, https:\/\/www.kulturasbiedriba.lv\/wp-content\/uploads\/2023\/11\/J.Kuga-Scenografijas-12-300x216.jpg 300w\" sizes=\"auto, (max-width: 1900px) 100vw, 1900px\" \/> <img loading=\"lazy\" decoding=\"async\" class=\"alignnone size-full wp-image-1098\" alt=\"J.Kuga Scenografijas (13)\" src=\"https:\/\/www.kulturasbiedriba.lv\/wp-content\/uploads\/2023\/11\/J.Kuga-Scenografijas-13.jpg\" width=\"2000\" height=\"1406\" srcset=\"https:\/\/www.kulturasbiedriba.lv\/wp-content\/uploads\/2023\/11\/J.Kuga-Scenografijas-13.jpg 2000w, https:\/\/www.kulturasbiedriba.lv\/wp-content\/uploads\/2023\/11\/J.Kuga-Scenografijas-13-300x210.jpg 300w\" sizes=\"auto, (max-width: 2000px) 100vw, 2000px\" \/> <img loading=\"lazy\" decoding=\"async\" class=\"alignnone size-full wp-image-1094\" alt=\"J.Kuga Scenografijas (9)\" src=\"https:\/\/www.kulturasbiedriba.lv\/wp-content\/uploads\/2023\/11\/J.Kuga-Scenografijas-9.jpg\" width=\"1350\" height=\"1800\" srcset=\"https:\/\/www.kulturasbiedriba.lv\/wp-content\/uploads\/2023\/11\/J.Kuga-Scenografijas-9.jpg 1350w, https:\/\/www.kulturasbiedriba.lv\/wp-content\/uploads\/2023\/11\/J.Kuga-Scenografijas-9-225x300.jpg 225w\" sizes=\"auto, (max-width: 1350px) 100vw, 1350px\" \/> <img loading=\"lazy\" decoding=\"async\" class=\"alignnone size-full wp-image-1095\" alt=\"J.Kuga Scenografijas (10)\" src=\"https:\/\/www.kulturasbiedriba.lv\/wp-content\/uploads\/2023\/11\/J.Kuga-Scenografijas-10.jpg\" width=\"1800\" height=\"1377\" srcset=\"https:\/\/www.kulturasbiedriba.lv\/wp-content\/uploads\/2023\/11\/J.Kuga-Scenografijas-10.jpg 1800w, https:\/\/www.kulturasbiedriba.lv\/wp-content\/uploads\/2023\/11\/J.Kuga-Scenografijas-10-300x229.jpg 300w\" sizes=\"auto, (max-width: 1800px) 100vw, 1800px\" \/> <img loading=\"lazy\" decoding=\"async\" class=\"alignnone size-full wp-image-1096\" alt=\"J.Kuga Scenografijas (11)\" src=\"https:\/\/www.kulturasbiedriba.lv\/wp-content\/uploads\/2023\/11\/J.Kuga-Scenografijas-11.jpg\" width=\"1900\" height=\"1357\" srcset=\"https:\/\/www.kulturasbiedriba.lv\/wp-content\/uploads\/2023\/11\/J.Kuga-Scenografijas-11.jpg 1900w, https:\/\/www.kulturasbiedriba.lv\/wp-content\/uploads\/2023\/11\/J.Kuga-Scenografijas-11-300x214.jpg 300w\" sizes=\"auto, (max-width: 1900px) 100vw, 1900px\" \/> <img loading=\"lazy\" decoding=\"async\" class=\"alignnone size-full wp-image-1092\" alt=\"J.Kuga Scenografijas (7)\" src=\"https:\/\/www.kulturasbiedriba.lv\/wp-content\/uploads\/2023\/11\/J.Kuga-Scenografijas-7.jpg\" width=\"1432\" height=\"1800\" srcset=\"https:\/\/www.kulturasbiedriba.lv\/wp-content\/uploads\/2023\/11\/J.Kuga-Scenografijas-7.jpg 1432w, https:\/\/www.kulturasbiedriba.lv\/wp-content\/uploads\/2023\/11\/J.Kuga-Scenografijas-7-238x300.jpg 238w\" sizes=\"auto, (max-width: 1432px) 100vw, 1432px\" \/> <img loading=\"lazy\" decoding=\"async\" class=\"alignnone size-full wp-image-1093\" alt=\"J.Kuga Scenografijas (8)\" src=\"https:\/\/www.kulturasbiedriba.lv\/wp-content\/uploads\/2023\/11\/J.Kuga-Scenografijas-8.jpg\" width=\"1800\" height=\"1219\" srcset=\"https:\/\/www.kulturasbiedriba.lv\/wp-content\/uploads\/2023\/11\/J.Kuga-Scenografijas-8.jpg 1800w, https:\/\/www.kulturasbiedriba.lv\/wp-content\/uploads\/2023\/11\/J.Kuga-Scenografijas-8-300x203.jpg 300w\" sizes=\"auto, (max-width: 1800px) 100vw, 1800px\" \/> <img loading=\"lazy\" decoding=\"async\" class=\"alignnone size-full wp-image-1089\" alt=\"J.Kuga Scenografijas (4)\" src=\"https:\/\/www.kulturasbiedriba.lv\/wp-content\/uploads\/2023\/11\/J.Kuga-Scenografijas-4.jpg\" width=\"1800\" height=\"1395\" srcset=\"https:\/\/www.kulturasbiedriba.lv\/wp-content\/uploads\/2023\/11\/J.Kuga-Scenografijas-4.jpg 1800w, https:\/\/www.kulturasbiedriba.lv\/wp-content\/uploads\/2023\/11\/J.Kuga-Scenografijas-4-300x232.jpg 300w\" sizes=\"auto, (max-width: 1800px) 100vw, 1800px\" \/> <img loading=\"lazy\" decoding=\"async\" class=\"alignnone size-full wp-image-1090\" alt=\"J.Kuga Scenografijas (5)\" src=\"https:\/\/www.kulturasbiedriba.lv\/wp-content\/uploads\/2023\/11\/J.Kuga-Scenografijas-5.jpg\" width=\"1700\" height=\"1612\" srcset=\"https:\/\/www.kulturasbiedriba.lv\/wp-content\/uploads\/2023\/11\/J.Kuga-Scenografijas-5.jpg 1700w, https:\/\/www.kulturasbiedriba.lv\/wp-content\/uploads\/2023\/11\/J.Kuga-Scenografijas-5-300x284.jpg 300w\" sizes=\"auto, (max-width: 1700px) 100vw, 1700px\" \/> <img loading=\"lazy\" decoding=\"async\" class=\"alignnone size-full wp-image-1091\" alt=\"J.Kuga Scenografijas (6)\" src=\"https:\/\/www.kulturasbiedriba.lv\/wp-content\/uploads\/2023\/11\/J.Kuga-Scenografijas-6.jpg\" width=\"1222\" height=\"2000\" srcset=\"https:\/\/www.kulturasbiedriba.lv\/wp-content\/uploads\/2023\/11\/J.Kuga-Scenografijas-6.jpg 1222w, https:\/\/www.kulturasbiedriba.lv\/wp-content\/uploads\/2023\/11\/J.Kuga-Scenografijas-6-183x300.jpg 183w\" sizes=\"auto, (max-width: 1222px) 100vw, 1222px\" \/> <img loading=\"lazy\" decoding=\"async\" class=\"alignnone size-full wp-image-1087\" alt=\"J.Kuga Scenografijas (2)\" src=\"https:\/\/www.kulturasbiedriba.lv\/wp-content\/uploads\/2023\/11\/J.Kuga-Scenografijas-2.jpg\" width=\"1800\" height=\"1287\" srcset=\"https:\/\/www.kulturasbiedriba.lv\/wp-content\/uploads\/2023\/11\/J.Kuga-Scenografijas-2.jpg 1800w, https:\/\/www.kulturasbiedriba.lv\/wp-content\/uploads\/2023\/11\/J.Kuga-Scenografijas-2-300x214.jpg 300w\" sizes=\"auto, (max-width: 1800px) 100vw, 1800px\" \/> <img loading=\"lazy\" decoding=\"async\" class=\"alignnone size-full wp-image-1088\" alt=\"J.Kuga Scenografijas (3)\" src=\"https:\/\/www.kulturasbiedriba.lv\/wp-content\/uploads\/2023\/11\/J.Kuga-Scenografijas-3.jpg\" width=\"1800\" height=\"1270\" srcset=\"https:\/\/www.kulturasbiedriba.lv\/wp-content\/uploads\/2023\/11\/J.Kuga-Scenografijas-3.jpg 1800w, https:\/\/www.kulturasbiedriba.lv\/wp-content\/uploads\/2023\/11\/J.Kuga-Scenografijas-3-300x211.jpg 300w\" sizes=\"auto, (max-width: 1800px) 100vw, 1800px\" \/> <img loading=\"lazy\" decoding=\"async\" class=\"alignnone size-full wp-image-1086\" alt=\"J.Kuga Scenografijas (1)\" src=\"https:\/\/www.kulturasbiedriba.lv\/wp-content\/uploads\/2023\/11\/J.Kuga-Scenografijas-1.jpg\" width=\"1199\" height=\"1800\" srcset=\"https:\/\/www.kulturasbiedriba.lv\/wp-content\/uploads\/2023\/11\/J.Kuga-Scenografijas-1.jpg 1199w, https:\/\/www.kulturasbiedriba.lv\/wp-content\/uploads\/2023\/11\/J.Kuga-Scenografijas-1-199x300.jpg 199w\" sizes=\"auto, (max-width: 1199px) 100vw, 1199px\" \/><\/p>\n<p>&nbsp;<\/p>\n<p>&nbsp;<\/p>\n","protected":false},"excerpt":{"rendered":"<p>Izst\u0101de tapusi ar Ogres novada pa\u0161vald\u012bbas finansi\u0101lo atbalstu projektu konkursa &#8220;Rado\u0161i &#8211; Akt\u012bvi &#8211; Darb\u012bgi &#8211; Izgl\u012btojo\u0161i &#8211; Ogres novadam &#8221; ietvaros (R.A.D.I. 2023.-5) . 17.-20 novembris 2023. Ik\u0161\u0137iles Tautas Nam\u0101. Filma par J\u0101ni Kugu &#8211; links: https:\/\/vimeo.com\/885109087 V\u0113l pieejamas&hellip;<\/p>\n<p class=\"more-link-p\"><a class=\"more-link\" href=\"https:\/\/www.kulturasbiedriba.lv\/?page_id=1102\">Read more &rarr;<\/a><\/p>\n","protected":false},"author":1,"featured_media":0,"parent":1053,"menu_order":5,"comment_status":"closed","ping_status":"closed","template":"","meta":{"footnotes":""},"class_list":["post-1102","page","type-page","status-publish","hentry"],"_links":{"self":[{"href":"https:\/\/www.kulturasbiedriba.lv\/index.php?rest_route=\/wp\/v2\/pages\/1102","targetHints":{"allow":["GET"]}}],"collection":[{"href":"https:\/\/www.kulturasbiedriba.lv\/index.php?rest_route=\/wp\/v2\/pages"}],"about":[{"href":"https:\/\/www.kulturasbiedriba.lv\/index.php?rest_route=\/wp\/v2\/types\/page"}],"author":[{"embeddable":true,"href":"https:\/\/www.kulturasbiedriba.lv\/index.php?rest_route=\/wp\/v2\/users\/1"}],"replies":[{"embeddable":true,"href":"https:\/\/www.kulturasbiedriba.lv\/index.php?rest_route=%2Fwp%2Fv2%2Fcomments&post=1102"}],"version-history":[{"count":7,"href":"https:\/\/www.kulturasbiedriba.lv\/index.php?rest_route=\/wp\/v2\/pages\/1102\/revisions"}],"predecessor-version":[{"id":1107,"href":"https:\/\/www.kulturasbiedriba.lv\/index.php?rest_route=\/wp\/v2\/pages\/1102\/revisions\/1107"}],"up":[{"embeddable":true,"href":"https:\/\/www.kulturasbiedriba.lv\/index.php?rest_route=\/wp\/v2\/pages\/1053"}],"wp:attachment":[{"href":"https:\/\/www.kulturasbiedriba.lv\/index.php?rest_route=%2Fwp%2Fv2%2Fmedia&parent=1102"}],"curies":[{"name":"wp","href":"https:\/\/api.w.org\/{rel}","templated":true}]}}