{"id":1053,"date":"2023-03-14T00:13:15","date_gmt":"2023-03-13T21:13:15","guid":{"rendered":"http:\/\/www.kulturasbiedriba.lv\/?page_id=1053"},"modified":"2023-03-14T00:34:16","modified_gmt":"2023-03-13T21:34:16","slug":"virtualas-izstades","status":"publish","type":"page","link":"https:\/\/www.kulturasbiedriba.lv\/?page_id=1053","title":{"rendered":"Virtu\u0101l\u0101s izst\u0101des"},"content":{"rendered":"","protected":false},"excerpt":{"rendered":"","protected":false},"author":1,"featured_media":0,"parent":0,"menu_order":10,"comment_status":"closed","ping_status":"closed","template":"","meta":{"footnotes":""},"class_list":["post-1053","page","type-page","status-publish","hentry"],"_links":{"self":[{"href":"https:\/\/www.kulturasbiedriba.lv\/index.php?rest_route=\/wp\/v2\/pages\/1053","targetHints":{"allow":["GET"]}}],"collection":[{"href":"https:\/\/www.kulturasbiedriba.lv\/index.php?rest_route=\/wp\/v2\/pages"}],"about":[{"href":"https:\/\/www.kulturasbiedriba.lv\/index.php?rest_route=\/wp\/v2\/types\/page"}],"author":[{"embeddable":true,"href":"https:\/\/www.kulturasbiedriba.lv\/index.php?rest_route=\/wp\/v2\/users\/1"}],"replies":[{"embeddable":true,"href":"https:\/\/www.kulturasbiedriba.lv\/index.php?rest_route=%2Fwp%2Fv2%2Fcomments&post=1053"}],"version-history":[{"count":2,"href":"https:\/\/www.kulturasbiedriba.lv\/index.php?rest_route=\/wp\/v2\/pages\/1053\/revisions"}],"predecessor-version":[{"id":1055,"href":"https:\/\/www.kulturasbiedriba.lv\/index.php?rest_route=\/wp\/v2\/pages\/1053\/revisions\/1055"}],"wp:attachment":[{"href":"https:\/\/www.kulturasbiedriba.lv\/index.php?rest_route=%2Fwp%2Fv2%2Fmedia&parent=1053"}],"curies":[{"name":"wp","href":"https:\/\/api.w.org\/{rel}","templated":true}]}}